{"id":1229,"date":"2023-04-20T12:07:07","date_gmt":"2023-04-20T12:07:07","guid":{"rendered":"http:\/\/aquapick.bg\/produs\/spuma-dentara-cu-efect-de-albire\/"},"modified":"2024-05-28T16:02:01","modified_gmt":"2024-05-28T16:02:01","slug":"whitening-foam-toothpaste","status":"publish","type":"product","link":"https:\/\/aquapick.bg\/en\/product\/whitening-foam-toothpaste\/","title":{"rendered":"Whitening Foam Toothpaste"},"content":{"rendered":"<div class=\"wpb-content-wrapper\"><p>[vc_row el_id=&#8221;description&#8221; el_class=&#8221;site-row-pt100x&#8221;][vc_column]<div class=\"info-block\">\n                    <div class=\"info-block-holder\">\n                        <div class=\"site-row site-align-center\">\n                            <div class=\"site-col-6\">\n                                <div class=\"info-block-content\">\n                                    <h3>Foam Toothpaste<\/h3><p>Aquapick Whitening Foam Toothpaste is an airy and advanced alternative to regular toothpaste, designed to provide deep cleaning for teeth and gums while also delivering a whitening effect. This innovative formula allows for effective removal of plaque and food debris, contributing to optimal oral hygiene.<\/p>\n<p>With the help of the foam toothpaste, you can achieve a more intense and thorough cleaning as the aerated substance reaches the harder-to-access areas of the oral cavity. It helps eliminate stains and discoloration, restoring a brighter and healthier smile.<\/p>\n<p>Using the foam toothpaste is simple and flexible, offering you various application options. You can use the foam in the oral irrigator by adding an appropriate amount to the device\u2019s reservoir, or you can rinse it in your mouth for a few seconds, allowing the substance to act throughout the oral cavity and help combat bacteria and unpleasant breath odor. Additionally, you can use the foam for toothbrushing by applying it to your toothbrush, allowing it to provide an effective and refreshing cleaning.<\/p>\n<p>&nbsp;<\/p>\n<p>\n\n                                <\/div>\n                            <\/div>\n                            <div class=\"site-col-6\">\n                                <div class=\"info-block-image\">\n                                    <img decoding=\"async\" src=\"https:\/\/aquapick.bg\/wp-content\/uploads\/2023\/04\/521A2110.jpg\" class=\"img-fluid\" alt=\"ula\">\n                                <\/div>\n                            <\/div>\n                        <\/div>\n                    <\/div>\n                <\/div>  <div class=\"info-block info-block-left\">\n                    <div class=\"info-block-holder\">\n                        <div class=\"site-row site-align-center\">\n                            <div class=\"site-col-6\">\n                                <div class=\"info-block-content\">\n                                    <h3>Can be used for:<\/h3><\/p>\n<ul>\n<li>Brushing and rinsing teeth.<\/li>\n<li>Adding to the water in the oral irrigator. (Fill the reservoir with water and pump 2-3 times of foam toothpaste inside.)<\/li>\n<li>Rinsing before and after dental procedures.<\/li>\n<li>One of the key ingredients in the whitening foam toothpaste is lemon oil, known for its whitening properties and ability to give teeth a shiny appearance. The added green tea extract also contributes to fresh and pleasant breath.<\/li>\n<\/ul>\n<p>&nbsp;<\/p>\n<p><strong>Benefits of Aquapick Whitening Foam Toothpaste:<\/strong><\/p>\n<ul>\n<li>Eliminates bad breath<\/li>\n<li>Prevents tooth decay<\/li>\n<li>Prevents gum inflammation and bleeding<\/li>\n<li>Whitens and strengthens teeth<\/li>\n<li>Ideal for sensitive teeth.<\/li>\n<\/ul>\n<p>\n\n                                <\/div>\n                            <\/div>\n                            <div class=\"site-col-6\">\n                                <div class=\"info-block-image\">\n                                    <img decoding=\"async\" src=\"https:\/\/aquapick.bg\/wp-content\/uploads\/2023\/04\/spuma_dentara_aquapick-scaled.jpg\" class=\"img-fluid\" alt=\"spuma_dentara_aquapickula\">\n                                <\/div>\n                            <\/div>\n                        <\/div>\n                    <\/div>\n                <\/div>  [\/vc_column][\/vc_row]<\/p>\n<\/div>","protected":false},"excerpt":{"rendered":"<p>[vc_row el_id=&#8221;description&#8221; el_class=&#8221;site-row-pt100x&#8221;][vc_column][\/vc_column][\/vc_row]<\/p>\n","protected":false},"featured_media":1081,"comment_status":"open","ping_status":"closed","template":"","meta":{"_acf_changed":false},"product_cat":[90],"product_tag":[],"class_list":{"0":"post-1229","1":"product","2":"type-product","3":"status-publish","4":"has-post-thumbnail","6":"product_cat-accessories","7":"pa_destinatie-dupa-varsta-pentru-adulti-en","9":"first","10":"instock","11":"shipping-taxable","12":"purchasable","13":"product-type-simple"},"acf":[],"yoast_head":"<!-- This site is optimized with the Yoast SEO plugin v22.7 - https:\/\/yoast.com\/wordpress\/plugins\/seo\/ -->\n<title>Whitening Foam Toothpaste - Aquapick<\/title>\n<meta name=\"description\" content=\"Spum\u0103 dentar\u0103 cu efect de albire Aquapick, versatil\u0103 \u0219i eficient\u0103, poate fi folosit\u0103 at\u00e2t \u00een timpul periajului dentar, c\u00e2t \u0219i ca ap\u0103 de gur\u0103 \u00een du\u0219ul bucal.\" \/>\n<meta name=\"robots\" content=\"index, follow, max-snippet:-1, max-image-preview:large, max-video-preview:-1\" \/>\n<link rel=\"canonical\" href=\"https:\/\/aquapick.bg\/en\/product\/whitening-foam-toothpaste\/\" \/>\n<meta property=\"og:locale\" content=\"en_US\" \/>\n<meta property=\"og:type\" content=\"article\" \/>\n<meta property=\"og:title\" content=\"Whitening Foam Toothpaste - Aquapick\" \/>\n<meta property=\"og:description\" content=\"Spum\u0103 dentar\u0103 cu efect de albire Aquapick, versatil\u0103 \u0219i eficient\u0103, poate fi folosit\u0103 at\u00e2t \u00een timpul periajului dentar, c\u00e2t \u0219i ca ap\u0103 de gur\u0103 \u00een du\u0219ul bucal.\" \/>\n<meta property=\"og:url\" content=\"https:\/\/aquapick.bg\/en\/product\/whitening-foam-toothpaste\/\" \/>\n<meta property=\"og:site_name\" content=\"Aquapick\" \/>\n<meta property=\"article:publisher\" content=\"https:\/\/www.facebook.com\/AquapickMoldova\" \/>\n<meta property=\"article:modified_time\" content=\"2024-05-28T16:02:01+00:00\" \/>\n<meta property=\"og:image\" content=\"http:\/\/aquapick.bg\/wp-content\/uploads\/2023\/04\/spuma_dentara.jpg\" \/>\n\t<meta property=\"og:image:width\" content=\"2200\" \/>\n\t<meta property=\"og:image:height\" content=\"1467\" \/>\n\t<meta property=\"og:image:type\" content=\"image\/jpeg\" \/>\n<meta name=\"twitter:card\" content=\"summary_large_image\" \/>\n<meta name=\"twitter:label1\" content=\"Est. reading time\" \/>\n\t<meta name=\"twitter:data1\" content=\"3 minutes\" \/>\n<script type=\"application\/ld+json\" class=\"yoast-schema-graph\">{\"@context\":\"https:\/\/schema.org\",\"@graph\":[{\"@type\":\"WebPage\",\"@id\":\"https:\/\/aquapick.bg\/en\/product\/whitening-foam-toothpaste\/\",\"url\":\"https:\/\/aquapick.bg\/en\/product\/whitening-foam-toothpaste\/\",\"name\":\"Whitening Foam Toothpaste - Aquapick\",\"isPartOf\":{\"@id\":\"https:\/\/aquapick.bg\/#website\"},\"primaryImageOfPage\":{\"@id\":\"https:\/\/aquapick.bg\/en\/product\/whitening-foam-toothpaste\/#primaryimage\"},\"image\":{\"@id\":\"https:\/\/aquapick.bg\/en\/product\/whitening-foam-toothpaste\/#primaryimage\"},\"thumbnailUrl\":\"https:\/\/aquapick.bg\/wp-content\/uploads\/2023\/04\/spuma_dentara.jpg\",\"datePublished\":\"2023-04-20T12:07:07+00:00\",\"dateModified\":\"2024-05-28T16:02:01+00:00\",\"description\":\"Spum\u0103 dentar\u0103 cu efect de albire Aquapick, versatil\u0103 \u0219i eficient\u0103, poate fi folosit\u0103 at\u00e2t \u00een timpul periajului dentar, c\u00e2t \u0219i ca ap\u0103 de gur\u0103 \u00een du\u0219ul bucal.\",\"breadcrumb\":{\"@id\":\"https:\/\/aquapick.bg\/en\/product\/whitening-foam-toothpaste\/#breadcrumb\"},\"inLanguage\":\"en-US\",\"potentialAction\":[{\"@type\":\"ReadAction\",\"target\":[\"https:\/\/aquapick.bg\/en\/product\/whitening-foam-toothpaste\/\"]}]},{\"@type\":\"ImageObject\",\"inLanguage\":\"en-US\",\"@id\":\"https:\/\/aquapick.bg\/en\/product\/whitening-foam-toothpaste\/#primaryimage\",\"url\":\"https:\/\/aquapick.bg\/wp-content\/uploads\/2023\/04\/spuma_dentara.jpg\",\"contentUrl\":\"https:\/\/aquapick.bg\/wp-content\/uploads\/2023\/04\/spuma_dentara.jpg\",\"width\":2200,\"height\":1467},{\"@type\":\"BreadcrumbList\",\"@id\":\"https:\/\/aquapick.bg\/en\/product\/whitening-foam-toothpaste\/#breadcrumb\",\"itemListElement\":[{\"@type\":\"ListItem\",\"position\":1,\"name\":\"Home\",\"item\":\"https:\/\/aquapick.bg\/\"},{\"@type\":\"ListItem\",\"position\":2,\"name\":\"Products\",\"item\":\"https:\/\/aquapick.bg\/catalog-produse\/\"},{\"@type\":\"ListItem\",\"position\":3,\"name\":\"Whitening Foam Toothpaste\"}]},{\"@type\":\"WebSite\",\"@id\":\"https:\/\/aquapick.bg\/#website\",\"url\":\"https:\/\/aquapick.bg\/\",\"name\":\"Aquapick\",\"description\":\"Sistem avansat de igien\u0103 oral\u0103\",\"publisher\":{\"@id\":\"https:\/\/aquapick.bg\/#organization\"},\"potentialAction\":[{\"@type\":\"SearchAction\",\"target\":{\"@type\":\"EntryPoint\",\"urlTemplate\":\"https:\/\/aquapick.bg\/?s={search_term_string}\"},\"query-input\":\"required name=search_term_string\"}],\"inLanguage\":\"en-US\"},{\"@type\":\"Organization\",\"@id\":\"https:\/\/aquapick.bg\/#organization\",\"name\":\"Aquapick\",\"url\":\"https:\/\/aquapick.bg\/\",\"logo\":{\"@type\":\"ImageObject\",\"inLanguage\":\"en-US\",\"@id\":\"https:\/\/aquapick.bg\/#\/schema\/logo\/image\/\",\"url\":\"http:\/\/aquapick.bg\/wp-content\/uploads\/2023\/06\/logo-aquapick-blue-png.png\",\"contentUrl\":\"http:\/\/aquapick.bg\/wp-content\/uploads\/2023\/06\/logo-aquapick-blue-png.png\",\"width\":4501,\"height\":4500,\"caption\":\"Aquapick\"},\"image\":{\"@id\":\"https:\/\/aquapick.bg\/#\/schema\/logo\/image\/\"},\"sameAs\":[\"https:\/\/www.facebook.com\/AquapickMoldova\"]}]}<\/script>\n<!-- \/ Yoast SEO plugin. -->","yoast_head_json":{"title":"Whitening Foam Toothpaste - Aquapick","description":"Spum\u0103 dentar\u0103 cu efect de albire Aquapick, versatil\u0103 \u0219i eficient\u0103, poate fi folosit\u0103 at\u00e2t \u00een timpul periajului dentar, c\u00e2t \u0219i ca ap\u0103 de gur\u0103 \u00een du\u0219ul bucal.","robots":{"index":"index","follow":"follow","max-snippet":"max-snippet:-1","max-image-preview":"max-image-preview:large","max-video-preview":"max-video-preview:-1"},"canonical":"https:\/\/aquapick.bg\/en\/product\/whitening-foam-toothpaste\/","og_locale":"en_US","og_type":"article","og_title":"Whitening Foam Toothpaste - Aquapick","og_description":"Spum\u0103 dentar\u0103 cu efect de albire Aquapick, versatil\u0103 \u0219i eficient\u0103, poate fi folosit\u0103 at\u00e2t \u00een timpul periajului dentar, c\u00e2t \u0219i ca ap\u0103 de gur\u0103 \u00een du\u0219ul bucal.","og_url":"https:\/\/aquapick.bg\/en\/product\/whitening-foam-toothpaste\/","og_site_name":"Aquapick","article_publisher":"https:\/\/www.facebook.com\/AquapickMoldova","article_modified_time":"2024-05-28T16:02:01+00:00","og_image":[{"width":2200,"height":1467,"url":"http:\/\/aquapick.bg\/wp-content\/uploads\/2023\/04\/spuma_dentara.jpg","type":"image\/jpeg"}],"twitter_card":"summary_large_image","twitter_misc":{"Est. reading time":"3 minutes"},"schema":{"@context":"https:\/\/schema.org","@graph":[{"@type":"WebPage","@id":"https:\/\/aquapick.bg\/en\/product\/whitening-foam-toothpaste\/","url":"https:\/\/aquapick.bg\/en\/product\/whitening-foam-toothpaste\/","name":"Whitening Foam Toothpaste - Aquapick","isPartOf":{"@id":"https:\/\/aquapick.bg\/#website"},"primaryImageOfPage":{"@id":"https:\/\/aquapick.bg\/en\/product\/whitening-foam-toothpaste\/#primaryimage"},"image":{"@id":"https:\/\/aquapick.bg\/en\/product\/whitening-foam-toothpaste\/#primaryimage"},"thumbnailUrl":"https:\/\/aquapick.bg\/wp-content\/uploads\/2023\/04\/spuma_dentara.jpg","datePublished":"2023-04-20T12:07:07+00:00","dateModified":"2024-05-28T16:02:01+00:00","description":"Spum\u0103 dentar\u0103 cu efect de albire Aquapick, versatil\u0103 \u0219i eficient\u0103, poate fi folosit\u0103 at\u00e2t \u00een timpul periajului dentar, c\u00e2t \u0219i ca ap\u0103 de gur\u0103 \u00een du\u0219ul bucal.","breadcrumb":{"@id":"https:\/\/aquapick.bg\/en\/product\/whitening-foam-toothpaste\/#breadcrumb"},"inLanguage":"en-US","potentialAction":[{"@type":"ReadAction","target":["https:\/\/aquapick.bg\/en\/product\/whitening-foam-toothpaste\/"]}]},{"@type":"ImageObject","inLanguage":"en-US","@id":"https:\/\/aquapick.bg\/en\/product\/whitening-foam-toothpaste\/#primaryimage","url":"https:\/\/aquapick.bg\/wp-content\/uploads\/2023\/04\/spuma_dentara.jpg","contentUrl":"https:\/\/aquapick.bg\/wp-content\/uploads\/2023\/04\/spuma_dentara.jpg","width":2200,"height":1467},{"@type":"BreadcrumbList","@id":"https:\/\/aquapick.bg\/en\/product\/whitening-foam-toothpaste\/#breadcrumb","itemListElement":[{"@type":"ListItem","position":1,"name":"Home","item":"https:\/\/aquapick.bg\/"},{"@type":"ListItem","position":2,"name":"Products","item":"https:\/\/aquapick.bg\/catalog-produse\/"},{"@type":"ListItem","position":3,"name":"Whitening Foam Toothpaste"}]},{"@type":"WebSite","@id":"https:\/\/aquapick.bg\/#website","url":"https:\/\/aquapick.bg\/","name":"Aquapick","description":"Sistem avansat de igien\u0103 oral\u0103","publisher":{"@id":"https:\/\/aquapick.bg\/#organization"},"potentialAction":[{"@type":"SearchAction","target":{"@type":"EntryPoint","urlTemplate":"https:\/\/aquapick.bg\/?s={search_term_string}"},"query-input":"required name=search_term_string"}],"inLanguage":"en-US"},{"@type":"Organization","@id":"https:\/\/aquapick.bg\/#organization","name":"Aquapick","url":"https:\/\/aquapick.bg\/","logo":{"@type":"ImageObject","inLanguage":"en-US","@id":"https:\/\/aquapick.bg\/#\/schema\/logo\/image\/","url":"http:\/\/aquapick.bg\/wp-content\/uploads\/2023\/06\/logo-aquapick-blue-png.png","contentUrl":"http:\/\/aquapick.bg\/wp-content\/uploads\/2023\/06\/logo-aquapick-blue-png.png","width":4501,"height":4500,"caption":"Aquapick"},"image":{"@id":"https:\/\/aquapick.bg\/#\/schema\/logo\/image\/"},"sameAs":["https:\/\/www.facebook.com\/AquapickMoldova"]}]}},"jetpack_sharing_enabled":true,"_links":{"self":[{"href":"https:\/\/aquapick.bg\/en\/wp-json\/wp\/v2\/product\/1229","targetHints":{"allow":["GET"]}}],"collection":[{"href":"https:\/\/aquapick.bg\/en\/wp-json\/wp\/v2\/product"}],"about":[{"href":"https:\/\/aquapick.bg\/en\/wp-json\/wp\/v2\/types\/product"}],"replies":[{"embeddable":true,"href":"https:\/\/aquapick.bg\/en\/wp-json\/wp\/v2\/comments?post=1229"}],"wp:featuredmedia":[{"embeddable":true,"href":"https:\/\/aquapick.bg\/en\/wp-json\/wp\/v2\/media\/1081"}],"wp:attachment":[{"href":"https:\/\/aquapick.bg\/en\/wp-json\/wp\/v2\/media?parent=1229"}],"wp:term":[{"taxonomy":"product_cat","embeddable":true,"href":"https:\/\/aquapick.bg\/en\/wp-json\/wp\/v2\/product_cat?post=1229"},{"taxonomy":"product_tag","embeddable":true,"href":"https:\/\/aquapick.bg\/en\/wp-json\/wp\/v2\/product_tag?post=1229"}],"curies":[{"name":"wp","href":"https:\/\/api.w.org\/{rel}","templated":true}]}}