{"id":1208,"date":"2023-03-31T13:23:36","date_gmt":"2023-03-31T13:23:36","guid":{"rendered":"http:\/\/aquapick.bg\/produs\/dus-bucal-aq-300-alb\/"},"modified":"2024-05-28T16:02:02","modified_gmt":"2024-05-28T16:02:02","slug":"stationary-water-flosser-aquapick-aq-300-gray","status":"publish","type":"product","link":"https:\/\/aquapick.bg\/en\/product\/stationary-water-flosser-aquapick-aq-300-gray\/","title":{"rendered":"Stationary water flosser Aquapick AQ-300"},"content":{"rendered":"<div class=\"wpb-content-wrapper\"><p>[vc_row el_class=&#8221;site-row-p100x&#8221; el_id=&#8221;description&#8221;][vc_column]<div class=\"info-block\">\n                    <div class=\"info-block-holder\">\n                        <div class=\"site-row site-align-center\">\n                            <div class=\"site-col-6\">\n                                <div class=\"info-block-content\">\n                                    <h3>Deep Home Hygiene with AQUAPICK AQ-300<\/h3><p>Food particles stuck between teeth, discomfort, impossible to clean interdental spaces with a toothbrush or dental floss, children have poor eating habits &#8211; for all these issues, tooth brushing is not enough!<\/p>\n<p>The Aquapick AQ-300 oral irrigator is an innovative device that effectively cleans hard-to-reach areas without affecting enamel or gum health. With the help of the device and the water jet, you can remove plaque and food debris that a toothbrush or dental floss may not be able to remove precisely.<\/p>\n\n                                <\/div>\n                            <\/div>\n                            <div class=\"site-col-6\">\n                                <div class=\"info-block-image\">\n                                    <img decoding=\"async\" src=\"https:\/\/aquapick.bg\/wp-content\/uploads\/2023\/03\/aq_300_image_2.jpg\" class=\"img-fluid\" alt=\"dus-bucal-aquapick-aq-350ula\">\n                                <\/div>\n                            <\/div>\n                        <\/div>\n                    <\/div>\n                <\/div>  [\/vc_column][\/vc_row][vc_row full_width=&#8221;stretch_row&#8221; css=&#8221;.vc_custom_1681993483037{background-color: #f7f8fb !important;}&#8221; el_class=&#8221;site-row-p100x&#8221;][vc_column]<div class=\"info-block info-block-left\">\n                    <div class=\"info-block-holder\">\n                        <div class=\"site-row site-align-center\">\n                            <div class=\"site-col-6\">\n                                <div class=\"info-block-content\">\n                                    <h3>Freshness and cleanliness after teeth brushing<\/h3><p>If you want to feel freshness and cleanliness after brushing your teeth, have a bright and healthy smile &#8211; incorporate the oral irrigator into your daily routine.<\/p>\n<p>With the Aquapick AQ-300 water flosser, every hard-to-reach space will be easy to clean and free from accumulated plaque after every meal.<\/p>\n\n                                <\/div>\n                            <\/div>\n                            <div class=\"site-col-6\">\n                                <div class=\"info-block-image\">\n                                    <img decoding=\"async\" src=\"https:\/\/aquapick.bg\/wp-content\/uploads\/2023\/03\/lady-11-scaled.jpg\" class=\"img-fluid\" alt=\"Curatarea dintilor cu irigatorul bucalula\">\n                                <\/div>\n                            <\/div>\n                        <\/div>\n                    <\/div>\n                <\/div>  [\/vc_column][\/vc_row][vc_row el_class=&#8221;site-row-p100x&#8221;][vc_column][vc_raw_html]JTNDaWZyYW1lJTIwd2lkdGglM0QlMjIxNDQwJTIyJTIwaGVpZ2h0JTNEJTIyNjMwJTIyJTIwc3JjJTNEJTIyaHR0cHMlM0ElMkYlMkZ3d3cueW91dHViZS5jb20lMkZlbWJlZCUyRlJ0Qy1KVnU2MmhrJTIyJTIwdGl0bGUlM0QlMjJZb3VUdWJlJTIwdmlkZW8lMjBwbGF5ZXIlMjIlMjBmcmFtZWJvcmRlciUzRCUyMjAlMjIlMjBhbGxvdyUzRCUyMmFjY2VsZXJvbWV0ZXIlM0IlMjBhdXRvcGxheSUzQiUyMGNsaXBib2FyZC13cml0ZSUzQiUyMGVuY3J5cHRlZC1tZWRpYSUzQiUyMGd5cm9zY29wZSUzQiUyMHBpY3R1cmUtaW4tcGljdHVyZSUzQiUyMHdlYi1zaGFyZSUyMiUyMGFsbG93ZnVsbHNjcmVlbiUzRSUzQyUyRmlmcmFtZSUzRQ==[\/vc_raw_html][\/vc_column][\/vc_row][vc_row full_width=&#8221;stretch_row&#8221; el_class=&#8221;site-row-p100x&#8221; css=&#8221;.vc_custom_1683613914781{background-color: #f7f8fb !important;}&#8221;][vc_column]<div class=\"features-block-icon\">\n                    <div class=\"site-row\"><div class=\"site-col-4\">\n\t\t\t\t\t<div class=\"features-block-item\">\n                        <div class=\"features-block-image\">\n                            <figure>\n                                <img decoding=\"async\" src=\"https:\/\/aquapick.bg\/wp-content\/uploads\/2023\/03\/Asset-4@6x.png\" class=\"img-fluid\" alt=\"\">\n                            <\/figure>\n                        <\/div>\n\t\t\t\t\t    <h4>Removes food debris<\/h4>\t\t\t\t\t    \n\t\t\t\t\t<\/div>\n\t\t\t\t<\/div><div class=\"site-col-4\">\n\t\t\t\t\t<div class=\"features-block-item\">\n                        <div class=\"features-block-image\">\n                            <figure>\n                                <img decoding=\"async\" src=\"https:\/\/aquapick.bg\/wp-content\/uploads\/2023\/05\/Asset-5@6x.png\" class=\"img-fluid\" alt=\"\">\n                            <\/figure>\n                        <\/div>\n\t\t\t\t\t    <h4>Prevents peri-implantitis<\/h4>\t\t\t\t\t    \n\t\t\t\t\t<\/div>\n\t\t\t\t<\/div><div class=\"site-col-4\">\n\t\t\t\t\t<div class=\"features-block-item\">\n                        <div class=\"features-block-image\">\n                            <figure>\n                                <img decoding=\"async\" src=\"https:\/\/aquapick.bg\/wp-content\/uploads\/2023\/05\/Asset-9@6x.png\" class=\"img-fluid\" alt=\"\">\n                            <\/figure>\n                        <\/div>\n\t\t\t\t\t    <h4>Ideal for patients wearing orthodontic appliances<\/h4>\t\t\t\t\t    \n\t\t\t\t\t<\/div>\n\t\t\t\t<\/div><div class=\"site-col-4\">\n\t\t\t\t\t<div class=\"features-block-item\">\n                        <div class=\"features-block-image\">\n                            <figure>\n                                <img decoding=\"async\" src=\"https:\/\/aquapick.bg\/wp-content\/uploads\/2023\/05\/Asset-10@6x.png\" class=\"img-fluid\" alt=\"\">\n                            <\/figure>\n                        <\/div>\n\t\t\t\t\t    <h4>For pregnant women<\/h4>\t\t\t\t\t    \n\t\t\t\t\t<\/div>\n\t\t\t\t<\/div><div class=\"site-col-4\">\n\t\t\t\t\t<div class=\"features-block-item\">\n                        <div class=\"features-block-image\">\n                            <figure>\n                                <img decoding=\"async\" src=\"https:\/\/aquapick.bg\/wp-content\/uploads\/2023\/05\/Asset-11@6x.png\" class=\"img-fluid\" alt=\"Previne caria dentara la copii\">\n                            <\/figure>\n                        <\/div>\n\t\t\t\t\t    <h4>Prevents children\u2019s tooth decay<\/h4>\t\t\t\t\t    \n\t\t\t\t\t<\/div>\n\t\t\t\t<\/div><div class=\"site-col-4\">\n\t\t\t\t\t<div class=\"features-block-item\">\n                        <div class=\"features-block-image\">\n                            <figure>\n                                <img decoding=\"async\" src=\"https:\/\/aquapick.bg\/wp-content\/uploads\/2023\/05\/Asset-12@6x.png\" class=\"img-fluid\" alt=\"\">\n                            <\/figure>\n                        <\/div>\n\t\t\t\t\t    <h4>Fights bad breath<\/h4>\t\t\t\t\t    \n\t\t\t\t\t<\/div>\n\t\t\t\t<\/div><\/div>\n                <\/div>[\/vc_column][\/vc_row][vc_row el_id=&#8221;instructions&#8221; el_class=&#8221;site-row-pt100x&#8221;][vc_column]<div class=\"site-heading text-left site-heading-dark\"><h2>Usage instructions<\/h2><\/div>[vc_empty_space height=&#8221;15px&#8221;]<div class=\"site-heading text-left site-heading-dark\"><p>The Aquapick water flosser is user-friendly and suitable for every family member.<\/p><\/div><div class=\"instructions-of-use\">\n                    <div class=\"site-row\"><div class=\"site-col-3\">\n\t\t\t\t\t<div class=\"instructions-item\">\n                        <div class=\"item-counter\"><span>1<\/span><\/div>\n                        <figure>\n\t\t\t\t\t        <img decoding=\"async\" src=\"https:\/\/aquapick.bg\/wp-content\/uploads\/2023\/03\/1.-Fixati-rezervorul-cu-apa-printr-o-apasare-usoara.png\" class=\"img-fluid\" alt=\"\">\n                        <\/figure>\n\t\t\t\t\t    <h4>Align the reservoir with the mount<\/h4>\n\t\t\t\t\t    <p>After filling the reservoir with water, align it with the mount and gently press for fixation.<\/p>\n\t\t\t\t\t<\/div>\n\t\t\t\t<\/div><div class=\"site-col-3\">\n\t\t\t\t\t<div class=\"instructions-item\">\n                        <div class=\"item-counter\"><span>2<\/span><\/div>\n                        <figure>\n\t\t\t\t\t        <img decoding=\"async\" src=\"https:\/\/aquapick.bg\/wp-content\/uploads\/2023\/03\/2.-Ajustati-presiunea-apei.jpg\" class=\"img-fluid\" alt=\"\">\n                        <\/figure>\n\t\t\t\t\t    <h4>Adjust the water pressure<\/h4>\n\t\t\t\t\t    <p>The appropriate water pressure can be easily adjusted in 12 levels using the control dial.<br \/>\n<\/p>\n\t\t\t\t\t<\/div>\n\t\t\t\t<\/div><div class=\"site-col-3\">\n\t\t\t\t\t<div class=\"instructions-item\">\n                        <div class=\"item-counter\"><span>3<\/span><\/div>\n                        <figure>\n\t\t\t\t\t        <img decoding=\"async\" src=\"https:\/\/aquapick.bg\/wp-content\/uploads\/2023\/03\/4.-Declansati-activitatea-dusului-bucal-prin-activarea-butonului-de-control-de-pe-maner-scaled.jpg\" class=\"img-fluid\" alt=\"\">\n                        <\/figure>\n\t\t\t\t\t    <h4>Attach the detachable tip<\/h4>\n\t\t\t\t\t    <p>Attach the detachable tip by inserting it into the device handle, while pressing its ring.<\/p>\n\t\t\t\t\t<\/div>\n\t\t\t\t<\/div><div class=\"site-col-3\">\n\t\t\t\t\t<div class=\"instructions-item\">\n                        <div class=\"item-counter\"><span>4<\/span><\/div>\n                        <figure>\n\t\t\t\t\t        <img decoding=\"async\" src=\"https:\/\/aquapick.bg\/wp-content\/uploads\/2023\/03\/pas_4@2x.jpg\" class=\"img-fluid\" alt=\"\">\n                        <\/figure>\n\t\t\t\t\t    <h4>Press the power button<\/h4>\n\t\t\t\t\t    <p>Press the power button to start the motor.<\/p>\n\t\t\t\t\t<\/div>\n\t\t\t\t<\/div><div class=\"site-col-3\">\n\t\t\t\t\t<div class=\"instructions-item\">\n                        <div class=\"item-counter\"><span>5<\/span><\/div>\n                        <figure>\n\t\t\t\t\t        <img decoding=\"async\" src=\"https:\/\/aquapick.bg\/wp-content\/uploads\/2023\/03\/pas_5@2x.jpg\" class=\"img-fluid\" alt=\"\">\n                        <\/figure>\n\t\t\t\t\t    <h4>Press the water switch button<\/h4>\n\t\t\t\t\t    <p>Press the button on the handle to activate the water jet.<\/p>\n\t\t\t\t\t<\/div>\n\t\t\t\t<\/div><div class=\"site-col-3\">\n\t\t\t\t\t<div class=\"instructions-item\">\n                        <div class=\"item-counter\"><span>6<\/span><\/div>\n                        <figure>\n\t\t\t\t\t        <img decoding=\"async\" src=\"https:\/\/aquapick.bg\/wp-content\/uploads\/2023\/03\/5.-Improspatati-va-dintii-si-gingiile.png\" class=\"img-fluid\" alt=\"Curatarea dintilor cu ajutorul dusului bucal\">\n                        <\/figure>\n\t\t\t\t\t    <h4>Refresh your teeth and gums<\/h4>\n\t\t\t\t\t    <p>Lean slowly over the sink, maintaining a 45-degree angle with the sink.<\/p>\n\t\t\t\t\t<\/div>\n\t\t\t\t<\/div><\/div>\n                <\/div>[\/vc_column][\/vc_row][vc_row el_id=&#8221;specs&#8221; el_class=&#8221;site-row-pt100x&#8221;][vc_column]<div class=\"product-specifications\">\n                    <h2>Technical specifications<\/h2>\n                    <div class=\"product-specifications-holder\">\n                        <div class=\"site-row site-align-center\">\n                            <div class=\"site-col-6\">\n                                <div class=\"product-specifications-table\">\n                                <ul>\n                                    <li class=\"odd\"><strong>Components:<\/strong><span>Main body, water reservoir, 4 detachable tips, 4 storage holders for detachable tips<\/span><\/li><li class=\"even\"><strong>Power supply:<\/strong><span>100-230V, 50\/60Hz<\/span><\/li><li class=\"odd\"><strong>Power consumption:<\/strong><span>24W<\/span><\/li><li class=\"even\"><strong>Water pressure:<\/strong><span>7kgf max\/cm2<\/span><\/li><li class=\"odd\"><strong>Dimensions:<\/strong><span>150x90x210 mm<\/span><\/li><li class=\"even\"><strong>Weight:<\/strong><span>850g<\/span><\/li><li class=\"odd\"><strong>Water reservoir capacity:<\/strong><span>600 ml<\/span><\/li><li class=\"even\"><strong>Pulsations:<\/strong><span>2,200 pulsations\/min<\/span><\/li><li class=\"odd\"><strong>12 pressure levels<\/strong><span>(with adjustable settings between levels)<\/span><\/li>\n                                <\/ul>\n                                <p><\/p>\n                                <\/div>\n                            <\/div>\n                            <div class=\"site-col-6\">\n                                <div class=\"product-specifications-image\">\n                                    <img decoding=\"async\" src=\"https:\/\/aquapick.bg\/wp-content\/uploads\/2023\/03\/aq_300_specification.png\" class=\"img-fluid\" alt=\"\">\n                                <\/div>\n                            <\/div>\n                        <\/div>\n                    <\/div>\n                <\/div>[\/vc_column][\/vc_row]<\/p>\n<\/div>","protected":false},"excerpt":{"rendered":"<p>[vc_row el_class=&#8221;site-row-p100x&#8221; el_id=&#8221;description&#8221;][vc_column][\/vc_column][\/vc_row][vc_row full_width=&#8221;stretch_row&#8221; css=&#8221;.vc_custom_1681993483037{background-color: #f7f8fb !important;}&#8221; el_class=&#8221;site-row-p100x&#8221;][vc_column][\/vc_column][\/vc_row][vc_row el_class=&#8221;site-row-p100x&#8221;][vc_column][vc_raw_html]JTNDaWZyYW1lJTIwd2lkdGglM0QlMjIxNDQwJTIyJTIwaGVpZ2h0JTNEJTIyNjMwJTIyJTIwc3JjJTNEJTIyaHR0cHMlM0ElMkYlMkZ3d3cueW91dHViZS5jb20lMkZlbWJlZCUyRlJ0Qy1KVnU2MmhrJTIyJTIwdGl0bGUlM0QlMjJZb3VUdWJlJTIwdmlkZW8lMjBwbGF5ZXIlMjIlMjBmcmFtZWJvcmRlciUzRCUyMjAlMjIlMjBhbGxvdyUzRCUyMmFjY2VsZXJvbWV0ZXIlM0IlMjBhdXRvcGxheSUzQiUyMGNsaXBib2FyZC13cml0ZSUzQiUyMGVuY3J5cHRlZC1tZWRpYSUzQiUyMGd5cm9zY29wZSUzQiUyMHBpY3R1cmUtaW4tcGljdHVyZSUzQiUyMHdlYi1zaGFyZSUyMiUyMGFsbG93ZnVsbHNjcmVlbiUzRSUzQyUyRmlmcmFtZSUzRQ==[\/vc_raw_html][\/vc_column][\/vc_row][vc_row full_width=&#8221;stretch_row&#8221; el_class=&#8221;site-row-p100x&#8221; css=&#8221;.vc_custom_1683613914781{background-color: #f7f8fb !important;}&#8221;][vc_column][\/vc_column][\/vc_row][vc_row el_id=&#8221;instructions&#8221; el_class=&#8221;site-row-pt100x&#8221;][vc_column][vc_empty_space height=&#8221;15px&#8221;][\/vc_column][\/vc_row][vc_row el_id=&#8221;specs&#8221; el_class=&#8221;site-row-pt100x&#8221;][vc_column][\/vc_column][\/vc_row]<\/p>\n","protected":false},"featured_media":1074,"comment_status":"open","ping_status":"closed","template":"","meta":{"_acf_changed":false},"product_cat":[92],"product_tag":[123],"class_list":{"0":"post-1208","1":"product","2":"type-product","3":"status-publish","4":"has-post-thumbnail","6":"product_cat-stationary-water-flosser","7":"product_tag-white","8":"pa_destinatie-dupa-varsta-pentru-adulti-en","10":"first","11":"instock","12":"shipping-taxable","13":"purchasable","14":"product-type-simple"},"acf":[],"yoast_head":"<!-- This site is optimized with the Yoast SEO plugin v22.7 - https:\/\/yoast.com\/wordpress\/plugins\/seo\/ -->\n<title>Du\u0219 bucal Aquapick AQ-300<\/title>\n<meta name=\"description\" content=\"Du\u0219 bucal Aquapick AQ-300 | Du\u0219ul bucal sta\u021bionar Aquapick ofer\u0103 o igienizare profund\u0103 acas\u0103 \u0219i poate fi folosit de \u00eentreaga familie.\" \/>\n<meta name=\"robots\" content=\"index, follow, max-snippet:-1, max-image-preview:large, max-video-preview:-1\" \/>\n<link rel=\"canonical\" href=\"https:\/\/aquapick.bg\/en\/product\/stationary-water-flosser-aquapick-aq-300-gray\/\" \/>\n<meta property=\"og:locale\" content=\"en_US\" \/>\n<meta property=\"og:type\" content=\"article\" \/>\n<meta property=\"og:title\" content=\"Du\u0219 bucal Aquapick AQ-300\" \/>\n<meta property=\"og:description\" content=\"Du\u0219 bucal Aquapick AQ-300 | Du\u0219ul bucal sta\u021bionar Aquapick ofer\u0103 o igienizare profund\u0103 acas\u0103 \u0219i poate fi folosit de \u00eentreaga familie.\" \/>\n<meta property=\"og:url\" content=\"https:\/\/aquapick.bg\/en\/product\/stationary-water-flosser-aquapick-aq-300-gray\/\" \/>\n<meta property=\"og:site_name\" content=\"Aquapick\" \/>\n<meta property=\"article:publisher\" content=\"https:\/\/www.facebook.com\/AquapickMoldova\" \/>\n<meta property=\"article:modified_time\" content=\"2024-05-28T16:02:02+00:00\" \/>\n<meta property=\"og:image\" content=\"http:\/\/aquapick.bg\/wp-content\/uploads\/2023\/03\/aq_300_image.jpg\" \/>\n\t<meta property=\"og:image:width\" content=\"2200\" \/>\n\t<meta property=\"og:image:height\" content=\"1467\" \/>\n\t<meta property=\"og:image:type\" content=\"image\/jpeg\" \/>\n<meta name=\"twitter:card\" content=\"summary_large_image\" \/>\n<meta name=\"twitter:label1\" content=\"Est. reading time\" \/>\n\t<meta name=\"twitter:data1\" content=\"3 minutes\" \/>\n<script type=\"application\/ld+json\" class=\"yoast-schema-graph\">{\"@context\":\"https:\/\/schema.org\",\"@graph\":[{\"@type\":\"WebPage\",\"@id\":\"https:\/\/aquapick.bg\/en\/product\/stationary-water-flosser-aquapick-aq-300-gray\/\",\"url\":\"https:\/\/aquapick.bg\/en\/product\/stationary-water-flosser-aquapick-aq-300-gray\/\",\"name\":\"Du\u0219 bucal Aquapick AQ-300\",\"isPartOf\":{\"@id\":\"https:\/\/aquapick.bg\/#website\"},\"primaryImageOfPage\":{\"@id\":\"https:\/\/aquapick.bg\/en\/product\/stationary-water-flosser-aquapick-aq-300-gray\/#primaryimage\"},\"image\":{\"@id\":\"https:\/\/aquapick.bg\/en\/product\/stationary-water-flosser-aquapick-aq-300-gray\/#primaryimage\"},\"thumbnailUrl\":\"https:\/\/aquapick.bg\/wp-content\/uploads\/2023\/03\/aq_300_image.jpg\",\"datePublished\":\"2023-03-31T13:23:36+00:00\",\"dateModified\":\"2024-05-28T16:02:02+00:00\",\"description\":\"Du\u0219 bucal Aquapick AQ-300 | Du\u0219ul bucal sta\u021bionar Aquapick ofer\u0103 o igienizare profund\u0103 acas\u0103 \u0219i poate fi folosit de \u00eentreaga familie.\",\"breadcrumb\":{\"@id\":\"https:\/\/aquapick.bg\/en\/product\/stationary-water-flosser-aquapick-aq-300-gray\/#breadcrumb\"},\"inLanguage\":\"en-US\",\"potentialAction\":[{\"@type\":\"ReadAction\",\"target\":[\"https:\/\/aquapick.bg\/en\/product\/stationary-water-flosser-aquapick-aq-300-gray\/\"]}]},{\"@type\":\"ImageObject\",\"inLanguage\":\"en-US\",\"@id\":\"https:\/\/aquapick.bg\/en\/product\/stationary-water-flosser-aquapick-aq-300-gray\/#primaryimage\",\"url\":\"https:\/\/aquapick.bg\/wp-content\/uploads\/2023\/03\/aq_300_image.jpg\",\"contentUrl\":\"https:\/\/aquapick.bg\/wp-content\/uploads\/2023\/03\/aq_300_image.jpg\",\"width\":2200,\"height\":1467},{\"@type\":\"BreadcrumbList\",\"@id\":\"https:\/\/aquapick.bg\/en\/product\/stationary-water-flosser-aquapick-aq-300-gray\/#breadcrumb\",\"itemListElement\":[{\"@type\":\"ListItem\",\"position\":1,\"name\":\"Home\",\"item\":\"https:\/\/aquapick.bg\/\"},{\"@type\":\"ListItem\",\"position\":2,\"name\":\"Products\",\"item\":\"https:\/\/aquapick.bg\/catalog-produse\/\"},{\"@type\":\"ListItem\",\"position\":3,\"name\":\"Stationary water flosser Aquapick AQ-300\"}]},{\"@type\":\"WebSite\",\"@id\":\"https:\/\/aquapick.bg\/#website\",\"url\":\"https:\/\/aquapick.bg\/\",\"name\":\"Aquapick\",\"description\":\"Sistem avansat de igien\u0103 oral\u0103\",\"publisher\":{\"@id\":\"https:\/\/aquapick.bg\/#organization\"},\"potentialAction\":[{\"@type\":\"SearchAction\",\"target\":{\"@type\":\"EntryPoint\",\"urlTemplate\":\"https:\/\/aquapick.bg\/?s={search_term_string}\"},\"query-input\":\"required name=search_term_string\"}],\"inLanguage\":\"en-US\"},{\"@type\":\"Organization\",\"@id\":\"https:\/\/aquapick.bg\/#organization\",\"name\":\"Aquapick\",\"url\":\"https:\/\/aquapick.bg\/\",\"logo\":{\"@type\":\"ImageObject\",\"inLanguage\":\"en-US\",\"@id\":\"https:\/\/aquapick.bg\/#\/schema\/logo\/image\/\",\"url\":\"http:\/\/aquapick.bg\/wp-content\/uploads\/2023\/06\/logo-aquapick-blue-png.png\",\"contentUrl\":\"http:\/\/aquapick.bg\/wp-content\/uploads\/2023\/06\/logo-aquapick-blue-png.png\",\"width\":4501,\"height\":4500,\"caption\":\"Aquapick\"},\"image\":{\"@id\":\"https:\/\/aquapick.bg\/#\/schema\/logo\/image\/\"},\"sameAs\":[\"https:\/\/www.facebook.com\/AquapickMoldova\"]}]}<\/script>\n<!-- \/ Yoast SEO plugin. -->","yoast_head_json":{"title":"Du\u0219 bucal Aquapick AQ-300","description":"Du\u0219 bucal Aquapick AQ-300 | Du\u0219ul bucal sta\u021bionar Aquapick ofer\u0103 o igienizare profund\u0103 acas\u0103 \u0219i poate fi folosit de \u00eentreaga familie.","robots":{"index":"index","follow":"follow","max-snippet":"max-snippet:-1","max-image-preview":"max-image-preview:large","max-video-preview":"max-video-preview:-1"},"canonical":"https:\/\/aquapick.bg\/en\/product\/stationary-water-flosser-aquapick-aq-300-gray\/","og_locale":"en_US","og_type":"article","og_title":"Du\u0219 bucal Aquapick AQ-300","og_description":"Du\u0219 bucal Aquapick AQ-300 | Du\u0219ul bucal sta\u021bionar Aquapick ofer\u0103 o igienizare profund\u0103 acas\u0103 \u0219i poate fi folosit de \u00eentreaga familie.","og_url":"https:\/\/aquapick.bg\/en\/product\/stationary-water-flosser-aquapick-aq-300-gray\/","og_site_name":"Aquapick","article_publisher":"https:\/\/www.facebook.com\/AquapickMoldova","article_modified_time":"2024-05-28T16:02:02+00:00","og_image":[{"width":2200,"height":1467,"url":"http:\/\/aquapick.bg\/wp-content\/uploads\/2023\/03\/aq_300_image.jpg","type":"image\/jpeg"}],"twitter_card":"summary_large_image","twitter_misc":{"Est. reading time":"3 minutes"},"schema":{"@context":"https:\/\/schema.org","@graph":[{"@type":"WebPage","@id":"https:\/\/aquapick.bg\/en\/product\/stationary-water-flosser-aquapick-aq-300-gray\/","url":"https:\/\/aquapick.bg\/en\/product\/stationary-water-flosser-aquapick-aq-300-gray\/","name":"Du\u0219 bucal Aquapick AQ-300","isPartOf":{"@id":"https:\/\/aquapick.bg\/#website"},"primaryImageOfPage":{"@id":"https:\/\/aquapick.bg\/en\/product\/stationary-water-flosser-aquapick-aq-300-gray\/#primaryimage"},"image":{"@id":"https:\/\/aquapick.bg\/en\/product\/stationary-water-flosser-aquapick-aq-300-gray\/#primaryimage"},"thumbnailUrl":"https:\/\/aquapick.bg\/wp-content\/uploads\/2023\/03\/aq_300_image.jpg","datePublished":"2023-03-31T13:23:36+00:00","dateModified":"2024-05-28T16:02:02+00:00","description":"Du\u0219 bucal Aquapick AQ-300 | Du\u0219ul bucal sta\u021bionar Aquapick ofer\u0103 o igienizare profund\u0103 acas\u0103 \u0219i poate fi folosit de \u00eentreaga familie.","breadcrumb":{"@id":"https:\/\/aquapick.bg\/en\/product\/stationary-water-flosser-aquapick-aq-300-gray\/#breadcrumb"},"inLanguage":"en-US","potentialAction":[{"@type":"ReadAction","target":["https:\/\/aquapick.bg\/en\/product\/stationary-water-flosser-aquapick-aq-300-gray\/"]}]},{"@type":"ImageObject","inLanguage":"en-US","@id":"https:\/\/aquapick.bg\/en\/product\/stationary-water-flosser-aquapick-aq-300-gray\/#primaryimage","url":"https:\/\/aquapick.bg\/wp-content\/uploads\/2023\/03\/aq_300_image.jpg","contentUrl":"https:\/\/aquapick.bg\/wp-content\/uploads\/2023\/03\/aq_300_image.jpg","width":2200,"height":1467},{"@type":"BreadcrumbList","@id":"https:\/\/aquapick.bg\/en\/product\/stationary-water-flosser-aquapick-aq-300-gray\/#breadcrumb","itemListElement":[{"@type":"ListItem","position":1,"name":"Home","item":"https:\/\/aquapick.bg\/"},{"@type":"ListItem","position":2,"name":"Products","item":"https:\/\/aquapick.bg\/catalog-produse\/"},{"@type":"ListItem","position":3,"name":"Stationary water flosser Aquapick AQ-300"}]},{"@type":"WebSite","@id":"https:\/\/aquapick.bg\/#website","url":"https:\/\/aquapick.bg\/","name":"Aquapick","description":"Sistem avansat de igien\u0103 oral\u0103","publisher":{"@id":"https:\/\/aquapick.bg\/#organization"},"potentialAction":[{"@type":"SearchAction","target":{"@type":"EntryPoint","urlTemplate":"https:\/\/aquapick.bg\/?s={search_term_string}"},"query-input":"required name=search_term_string"}],"inLanguage":"en-US"},{"@type":"Organization","@id":"https:\/\/aquapick.bg\/#organization","name":"Aquapick","url":"https:\/\/aquapick.bg\/","logo":{"@type":"ImageObject","inLanguage":"en-US","@id":"https:\/\/aquapick.bg\/#\/schema\/logo\/image\/","url":"http:\/\/aquapick.bg\/wp-content\/uploads\/2023\/06\/logo-aquapick-blue-png.png","contentUrl":"http:\/\/aquapick.bg\/wp-content\/uploads\/2023\/06\/logo-aquapick-blue-png.png","width":4501,"height":4500,"caption":"Aquapick"},"image":{"@id":"https:\/\/aquapick.bg\/#\/schema\/logo\/image\/"},"sameAs":["https:\/\/www.facebook.com\/AquapickMoldova"]}]}},"jetpack_sharing_enabled":true,"_links":{"self":[{"href":"https:\/\/aquapick.bg\/en\/wp-json\/wp\/v2\/product\/1208","targetHints":{"allow":["GET"]}}],"collection":[{"href":"https:\/\/aquapick.bg\/en\/wp-json\/wp\/v2\/product"}],"about":[{"href":"https:\/\/aquapick.bg\/en\/wp-json\/wp\/v2\/types\/product"}],"replies":[{"embeddable":true,"href":"https:\/\/aquapick.bg\/en\/wp-json\/wp\/v2\/comments?post=1208"}],"wp:featuredmedia":[{"embeddable":true,"href":"https:\/\/aquapick.bg\/en\/wp-json\/wp\/v2\/media\/1074"}],"wp:attachment":[{"href":"https:\/\/aquapick.bg\/en\/wp-json\/wp\/v2\/media?parent=1208"}],"wp:term":[{"taxonomy":"product_cat","embeddable":true,"href":"https:\/\/aquapick.bg\/en\/wp-json\/wp\/v2\/product_cat?post=1208"},{"taxonomy":"product_tag","embeddable":true,"href":"https:\/\/aquapick.bg\/en\/wp-json\/wp\/v2\/product_tag?post=1208"}],"curies":[{"name":"wp","href":"https:\/\/api.w.org\/{rel}","templated":true}]}}